
{"id":10294,"date":"2024-11-01T16:43:55","date_gmt":"2024-11-01T13:43:55","guid":{"rendered":"https:\/\/boosmart.com\/anasayfa\/"},"modified":"2026-03-31T10:12:19","modified_gmt":"2026-03-31T07:12:19","slug":"anasayfa","status":"publish","type":"page","link":"https:\/\/boosmart.com\/en\/","title":{"rendered":"Anasayfa"},"content":{"rendered":"<div class=\"wpb-content-wrapper\"><p>[vc_row full_width=&#8221;stretch_row&#8221; el_class=&#8221;home-section-head&#8221;][vc_column][vc_row_inner][vc_column_inner el_class=&#8221;home-section-head-left&#8221; width=&#8221;1\/2&#8243;][vc_column_text css=&#8221;&#8221; el_class=&#8221;home-h1&#8243;]<\/p>\n<h1>International Award-Winning<br \/>\nDigital Marketing Agency<\/h1>\n<p>[\/vc_column_text][vc_empty_space height=&#8221;5&#8243;][vc_column_text css=&#8221;&#8221; el_class=&#8221;banner-text&#8221;]Boosmart was recognized among the top agencies in Google\u2019s Europe, Middle East, and Africa (EMEA) region, winning awards in the App Growth and Media Unification categories at the Google Agency Excellence\u00a0Awards.[\/vc_column_text][vc_empty_space height=&#8221;5&#8243;][vc_column_text css=&#8221;&#8221; el_class=&#8221;partner-css&#8221;]<img decoding=\"async\" class=\"alignnone size-full wp-image-2832\" src=\"\/wp-content\/uploads\/2026\/03\/boosmart-partner-google-logo-2026.webp\" alt=\"boosmart-partner-google-logo\" width=\"215\" height=\"auto\" \/><img decoding=\"async\" class=\"alignnone size-medium wp-image-2834\" src=\"\/wp-content\/uploads\/2022\/02\/boosmart-partner-meta-logo.png\" alt=\"boosmart-partner-meta-log\" width=\"215\" height=\"auto\" \/><img decoding=\"async\" class=\"alignnone size-medium wp-image-2836\" src=\"\/wp-content\/uploads\/2022\/02\/boosmart-partner-criteo-logo-1.png\" alt=\"boosmart-partner-criteo-logo-1\" width=\"215\" height=\"auto\" \/>[\/vc_column_text][vc_column_text]<\/p>\n<div class=\"blogposts__link\"><a class=\"tasarlab-btn\" href=\"https:\/\/boosmart.com\/en\/about-us\/\">More Info<\/a><\/div>\n<p>[\/vc_column_text][\/vc_column_inner][vc_column_inner el_class=&#8221;home-section-head-right anasayfa-section&#8221; width=&#8221;1\/2&#8243;]    <div class=\"video-popup-container\">\r\n        <!-- Masa\u00fcst\u00fcnde G\u00f6rsel -->\r\n        <div class=\"desktop-thumbnail\" style=\"background-image: url('https:\/\/boosmart.com\/wp-content\/uploads\/2024\/11\/boosmart-odul-image-1.jpg'); cursor: pointer; width: 100%; height: 350px;     border-radius: 15px;\">\r\n            <img decoding=\"async\" src=\"\/wp-content\/uploads\/2024\/11\/youtube-play-icon.svg\" alt=\"Play\" style=\"position: absolute; top: 35%; left: 50%; transform: translate(-50%, -50%); z-index: 10; width: 60px; height: 60px;\">\r\n        <\/div>\r\n\r\n        <!-- Mobilde G\u00f6r\u00fcn\u00fcr Olacak G\u00f6rsel -->\r\n        <div class=\"mobile-thumbnail\" style=\"background-image: url('https:\/\/boosmart.com\/wp-content\/uploads\/2024\/11\/boosmart-odul-image-1.jpg'); cursor: pointer; width: 100%; height: 200px; position: relative;     border-radius: 15px;\">\r\n            <img decoding=\"async\" src=\"\/wp-content\/uploads\/2024\/11\/youtube-play-icon.svg\" alt=\"Play\" style=\"position: absolute; top: 18%; left: 50%; transform: translate(-50%, -50%); z-index: 10; width:50px; height:50px;     border-radius: 15px;\">\r\n        <\/div>\r\n\r\n        <!-- Popup ve Overlay -->\r\n        <div class=\"video-overlay\" style=\"display: none;\">\r\n            <div class=\"popup-content\">\r\n                <!-- Popup \u0130\u00e7indeki YouTube Video -->\r\n                <iframe id=\"popup-video\" src=\"\" frameborder=\"0\" allow=\"autoplay; fullscreen; encrypted-media\" allowfullscreen style=\"width: 100%; height: 100%;\"><\/iframe>\r\n                <button class=\"close-button\">x<\/button>\r\n            <\/div>\r\n        <\/div>\r\n    <\/div>\r\n    <style>\r\n        .video-popup-container { position: relative; }\r\n        .desktop-thumbnail, .mobile-thumbnail { \r\n            background-size: cover; \r\n            position: relative; \r\n            cursor: pointer;\r\n        }\r\n\r\n        header.headroom.boo-header {\r\n        z-index: 999 !important;\r\n         }\r\n        .video-overlay { \r\n            position: fixed; \r\n            top: 0; \r\n            left: 0; \r\n            right: 0; \r\n            bottom: 0; \r\n            background: rgba(0, 0, 0, 0.8); \r\n            display: flex; \r\n            align-items: center; \r\n            justify-content: center; \r\n            z-index: 9999; \r\n        }\r\n        .popup-content {\r\n            position: relative;\r\n            width: 80%;\r\n            max-width: 900px;\r\n            aspect-ratio: 16\/9;\r\n            background: #000;\r\n            border-radius: 8px;\r\n            overflow: hidden;\r\n        }\r\n        #popup-video {\r\n            width: 100%;\r\n            height: 100%;\r\n            border: none;\r\n        }\r\n        button:focus {\r\n    outline: 1px dotted;\r\n    outline: 0px auto -webkit-focus-ring-color !important;\r\n    border: 0px !important;\r\n}\r\n.close-button {\r\n    position: absolute;\r\n    top: 0px;\r\n    right: 0px;\r\n    border-radius: 5px;\r\n    z-index: 10000;\r\n    background: white;\r\n    color: red !important;\r\n    font-size: 27px;\r\n    width: 40px;\r\n    height: 40px;\r\n    line-height: 0;\r\n    outline: 0px !important;\r\n    padding: 0;\r\n    border: 0 !important;\r\n    margin: 0 !important;\r\n    font-weight: 400;\r\n}\r\n.owl-carousel {\r\n    z-index: 0 !important;\r\n}\r\n\r\n.home-section-head-right.anasayfa-section img {\r\n    width: 60px;\r\n    height: 60px;\r\n    opacity: 0.7;\r\n}\r\n\r\nbody.home .home-section-head {   z-index: unset !important; }\r\n\r\n.home-section-head {\r\n    padding-top: 140px;\r\n    padding-bottom: 49px;\r\n}\r\nbody.home .wpb_text_column.wpb_content_element.banner-text { margin-bottom: 15px; }\r\n\r\n        @media (min-width: 768px) {\r\n            body.home .wpb_text_column.wpb_content_element.partner-css { margin-bottom: 25px; }\r\n\r\n            .mobile-thumbnail { display: none; }\r\n        }\r\n        @media (max-width: 768px) {\r\n            .home-section-head-left .banner-text {\r\n        width: 100% !important;\r\n    }\r\n\r\nbody.home .home-section-head { padding-top: 100px; }\r\nbody.home .home-section-head-left .banner-text { margin-bottom: 20px; }\r\n\r\n    .partner-css {\r\n        margin-top: 5px !important;\r\n    }\r\n            .close-button {\r\n    padding: 0px 16px;\r\n}\r\n            .desktop-thumbnail { display: none; }\r\n            .mobile-thumbnail { display: block; }\r\n        }\r\n    <\/style>\r\n    <script>\r\n        document.addEventListener(\"DOMContentLoaded\", function() {\r\n            var overlay = document.querySelector('.video-overlay');\r\n            var mobileThumbnail = document.querySelector('.mobile-thumbnail');\r\n            var desktopThumbnail = document.querySelector('.desktop-thumbnail');\r\n            var popupVideo = document.getElementById('popup-video');\r\n\r\n            \/\/ G\u00f6rsele t\u0131kland\u0131\u011f\u0131nda popup a\u00e7\u0131l\u0131r\r\n            desktopThumbnail.addEventListener(\"click\", function() {\r\n                overlay.style.display = \"flex\";\r\n                popupVideo.src = \"https:\/\/www.youtube.com\/embed\/U1djY0WTrWg?autoplay=1\";\r\n            });\r\n\r\n            mobileThumbnail.addEventListener(\"click\", function() {\r\n                overlay.style.display = \"flex\";\r\n                popupVideo.src = \"https:\/\/www.youtube.com\/embed\/U1djY0WTrWg?autoplay=1\";\r\n            });\r\n\r\n            \/\/ Popup kapatma\r\n            document.querySelector('.close-button').addEventListener(\"click\", function() {\r\n                overlay.style.display = \"none\";\r\n                popupVideo.src = \"\"; \r\n            });\r\n        });\r\n    <\/script>\r\n    [vc_single_image image=&#8221;10159&#8243; img_size=&#8221;full&#8221; alignment=&#8221;center&#8221; css=&#8221;&#8221; el_class=&#8221;anasayfa-gorsel d-none&#8221;][vc_raw_html css=&#8221;&#8221; el_class=&#8221;d-none&#8221;]JTNDc3R5bGUlM0UlMEElMEElNDBtZWRpYSUyMHNjcmVlbiUyMGFuZCUyMCUyOG1pbi13aWR0aCUzQSUyMDc2OHB4JTI5JTIwJTdCJTBBJTBBLmhvbWUtc2VjdGlvbi1oZWFkLXJpZ2h0LmFuYXNheWZhLXNlY3Rpb24lMjBpbWclMjAlN0IlMEElMjAlMjAlMjAlMjBoZWlnaHQlM0ElMjA0MDBweCUzQiUwQSUyMCUyMCUyMCUyMHdpZHRoJTNBJTIwYXV0byUzQiUwQSUyMCUyMCUyMCUyMG1hcmdpbiUzQSUyMDUwcHglMjAwJTIwMTAwcHglM0IlMEElN0QlMEElMEEuaG9tZS1zZWN0aW9uLWhlYWQtcmlnaHQuYW5hc2F5ZmEtc2VjdGlvbiUyMC53cGJfc2luZ2xlX2ltYWdlJTIwLnZjX2ZpZ3VyZSUyMCU3QiUyMGZsb2F0JTNBJTIwcmlnaHQlM0IlMjAlN0QlMEElMEElN0QlMEElMEElNDBtZWRpYSUyMHNjcmVlbiUyMGFuZCUyMCUyOG1heC13aWR0aCUzQSUyMDc2N3B4JTI5JTIwJTdCJTBBJTBBLmhvbWUtc2VjdGlvbi1oZWFkLXJpZ2h0LmFuYXNheWZhLXNlY3Rpb24lMjBpbWclMjAlN0IlMEElMjAlMjAlMjAlMjBoZWlnaHQlM0ElMjAxNTVweCUzQiUwQSUyMCUyMCUyMCUyMHdpZHRoJTNBJTIwYXV0byUzQiUwQSUyMCUyMCUyMCUyMG1hcmdpbi10b3AlM0ElMjA2MHB4JTNCJTBBJTdEJTBBJTBBJTdEJTBBJTBBJTNDJTJGc3R5bGUlM0U=[\/vc_raw_html][\/vc_column_inner][\/vc_row_inner][\/vc_column][\/vc_row][vc_row full_width=&#8221;stretch_row&#8221; el_class=&#8221;tasarlab-section-fluid tasarlab-section-3 home-section-3 musteriler-section&#8221; css=&#8221;.vc_custom_1614586710935{background-color: #f8f3f3 !important;}&#8221;][vc_column][vc_row_inner el_class=&#8221;home-section-3-1&#8243;][vc_column_inner width=&#8221;1\/2&#8243;]\n        \n        <div class=\"section-header\">\n            <div class=\"section-header__subtitle\">\n                <p> Clients <\/p>\n            <\/div>\n            <div class=\"section-header__title\">\n                <h2> We work with industry leading brands <\/h2>\n            <\/div>\n        <\/div>\n        [\/vc_column_inner][vc_column_inner width=&#8221;1\/4&#8243;][\/vc_column_inner][vc_column_inner width=&#8221;1\/4&#8243;][\/vc_column_inner][\/vc_row_inner][vc_row_inner el_class=&#8221;home-section-3-3&#8243;][vc_column_inner][vc_column_text]<style id=\"sp_lcp_dynamic_css2794\">div#logo-carousel-free-2794.logo-carousel-free .sp-lc-logo{border: 1px solid #dddddd;border-radius: 0px;overflow: hidden;}div#logo-carousel-free-2794.logo-carousel-free .sp-lc-logo:hover{border-color: #16a08b;}#logo-carousel-free-2794.sp-lc-container .sp-lc-pagination .swiper-pagination-bullet {background-color: #ddd;margin: 0 4px;}#logo-carousel-free-2794.sp-lc-container .sp-lc-pagination .swiper-pagination-bullet.swiper-pagination-bullet-active{background-color: #e00316; }#logo-carousel-free-2794.sp-lc-container .sp-logo-carousel {padding-top: 46px;}#logo-carousel-free-2794.sp-lc-container .sp-lc-button-prev,#logo-carousel-free-2794.sp-lc-container .sp-lc-button-next {color: #afafaf;background: #f0f0f0;border: 0px solid #afafaf;line-height: 30px;}#logo-carousel-free-2794.sp-lc-container .sp-lc-button-prev:hover,#logo-carousel-free-2794.sp-lc-container .sp-lc-button-next:hover{background-color: #16a08b;color: #ffffff;border-color: #16a08b;}@media only screen and (max-width: 576px) {} .logo-carousel-free-area#logo-carousel-free-2794{position: relative;}#lcp-preloader-2794{position: absolute;left: 0;top: 0;height: 100%;width: 100%;text-align: center;display: flex;align-items: center;justify-content: center;background: #fff;z-index: 9999;} .logo-carousel-free-area#logo-carousel-free-2794 .sp-logo-carousel-section-title{margin-bottom: 30px;}#logo-carousel-free-2794 .sp-lc-grid-container { justify-content: left; align-items: center; } #logo-carousel-free-2794 .swiper-wrapper .swiper-slide { align-self: center; }#logo-carousel-free-2794 .sp-lc-grid-container {margin-left: -6px;margin-right: -6px;width: calc( 100% + 12px);}#logo-carousel-free-2794 .sp-lc-grid-container [class*=\"lc-col\"] {padding-left: 6px;padding-right: 6px;padding-bottom: 12px;}@media screen and (min-width: 1200px ){.logo-carousel-free-area#logo-carousel-free-2794 .sp-logo-carousel:not([class*=\"-initialized\"]) > .swiper-wrapper {display: flex;width: calc( 100% + 12px );}.logo-carousel-free-area#logo-carousel-free-2794 .sp-logo-carousel:not([class*=\"-initialized\"]) > .swiper-wrapper > .swiper-slide {width: 25%;padding-right: 12px;}}<\/style>\n<div id='logo-carousel-free-2794' class=\"logo-carousel-free logo-carousel-free-area sp-lc-container\">\n\t\t\t<div id=\"lcp-preloader-2794\" class=\"sp-logo-carousel-preloader\"><img decoding=\"async\" src=\"https:\/\/boosmart.com\/wp-content\/plugins\/logo-carousel-free\/admin\/assets\/images\/spinner.svg\" class=\"skip-lazy\" alt=\"Loader Image\"\/><\/div>\n\t\t\t<div id=\"sp-logo-carousel-id-2794\" class=\"swiper-container sp-logo-carousel  lcp-preloader\" dir=\"ltr\" data-carousel='{ \"speed\":450,\"spaceBetween\": 12, \"autoplay\": true, \"infinite\":true, \"autoplay_speed\": 3000, \"stop_onHover\": true, \"pagination\": true, \"navigation\": true, \"MobileNav\": true, \"MobilePagi\": true, \"simulateTouch\": true,\"freeMode\": false,\"swipeToSlide\": false, \"carousel_accessibility\": true,\"adaptiveHeight\": false,\"allowTouchMove\": true, \"slidesPerView\": { \"lg_desktop\": 4, \"desktop\": 4, \"tablet\": 3, \"mobile\": 2, \"mobile_landscape\": 2 } }' data-carousel-starts-onscreen=\"false\">\n\t\t<div class=\"swiper-wrapper\">\n\t\t\t\t<div class=\"swiper-slide\"><div class=\"sp-lc-logo\"><img decoding=\"async\" src=\"https:\/\/boosmart.com\/wp-content\/uploads\/2021\/02\/markalarimiz-penti-logo.png\" title=\"\" alt=\"Penti\" width=\"400\" height=\"200\" class=\"sp-lc-image\"><\/div><\/div>\n\t\t<div class=\"swiper-slide\"><div class=\"sp-lc-logo\"><img decoding=\"async\" src=\"https:\/\/boosmart.com\/wp-content\/uploads\/2025\/08\/markalarimiz-turkish-airlines-holidays-logo.png\" title=\"\" alt=\"Turkish Airlines Holidays\" width=\"400\" height=\"200\" class=\"sp-lc-image\"><\/div><\/div>\n\t\t<div class=\"swiper-slide\"><div class=\"sp-lc-logo\"><img decoding=\"async\" src=\"https:\/\/boosmart.com\/wp-content\/uploads\/2023\/06\/colins-logo.png\" title=\"\" alt=\"Colin&#8217;s\" width=\"400\" height=\"200\" class=\"sp-lc-image\"><\/div><\/div>\n\t\t<div class=\"swiper-slide\"><div class=\"sp-lc-logo\"><img decoding=\"async\" src=\"https:\/\/boosmart.com\/wp-content\/uploads\/2021\/02\/markalarimiz-turknet-logo.png\" title=\"\" alt=\"T\u00fcrknet\" width=\"400\" height=\"200\" class=\"sp-lc-image\"><\/div><\/div>\n\t\t<div class=\"swiper-slide\"><div class=\"sp-lc-logo\"><img decoding=\"async\" src=\"https:\/\/boosmart.com\/wp-content\/uploads\/2024\/01\/markalarimiz-sixt-logo.png\" title=\"\" alt=\"SIXT\" width=\"400\" height=\"200\" class=\"sp-lc-image\"><\/div><\/div>\n\t\t<div class=\"swiper-slide\"><div class=\"sp-lc-logo\"><img decoding=\"async\" src=\"https:\/\/boosmart.com\/wp-content\/uploads\/2023\/01\/markalarimiz-skechers-logo.png\" title=\"\" alt=\"Skechers\" width=\"400\" height=\"200\" class=\"sp-lc-image\"><\/div><\/div>\n\t\t<div class=\"swiper-slide\"><div class=\"sp-lc-logo\"><img decoding=\"async\" src=\"https:\/\/boosmart.com\/wp-content\/uploads\/2021\/04\/markalarimiz-sarar-logo.png\" title=\"\" alt=\"Sarar\" width=\"400\" height=\"200\" class=\"sp-lc-image\"><\/div><\/div>\n\t\t<div class=\"swiper-slide\"><div class=\"sp-lc-logo\"><img decoding=\"async\" src=\"https:\/\/boosmart.com\/wp-content\/uploads\/2021\/04\/markalarimiz-les-benjamins-logo.png\" title=\"\" alt=\"Les Benjamins\" width=\"400\" height=\"200\" class=\"sp-lc-image\"><\/div><\/div>\n\t\t\t<\/div>\n\n\t\t\t\t\t<div class=\"sp-lc-pagination swiper-pagination dots\"><\/div>\n\t\t\t\t\t\t<div class=\"sp-lc-button-next\"><i class=\"fa fa-angle-right\"><\/i><\/div>\n\t\t\t<div class=\"sp-lc-button-prev\"><i class=\"fa fa-angle-left\"><\/i><\/div>\n\t\t\t\t<\/div>\n<\/div>\n[\/vc_column_text][\/vc_column_inner][\/vc_row_inner][vc_column_text]<\/p>\n<div class=\"blogposts__link\"><a class=\"tasarlab-btn\" href=\"https:\/\/boosmart.com\/en\/our-brands\/\">All Brands<\/a><\/div>\n<p>[\/vc_column_text][\/vc_column][\/vc_row][vc_row full_width=&#8221;stretch_row&#8221; el_class=&#8221;tasarlab-section-fluid tasarlab-section-2 home-section-1&#8243;][vc_column][vc_row_inner el_class=&#8221;home-section-1-1&#8243;][vc_column_inner el_class=&#8221;home-section-1-1-left&#8221; width=&#8221;1\/2&#8243;]\n        \n        <div class=\"section-header\">\n            <div class=\"section-header__subtitle\">\n                <p> What We Do <\/p>\n            <\/div>\n            <div class=\"section-header__title\">\n                <h2> We Aim at a Healthy and Sustainable Growth <\/h2>\n            <\/div>\n        <\/div>\n        [\/vc_column_inner][vc_column_inner el_class=&#8221;home-section-1-1-right&#8221; width=&#8221;1\/2&#8243;][vc_column_text]We position all the digital marketing services that we offer in line with criteria such as profitability, excellent product\/service experience, provision of accurate information to consumers and, maintenance of customer satisfaction.[\/vc_column_text][\/vc_column_inner][\/vc_row_inner][vc_row_inner el_class=&#8221;hizmetler-kart-section hizmetler-kart-section-1&#8243;][vc_column_inner el_class=&#8221;google-reklamlari-col&#8221; width=&#8221;1\/2&#8243;][vc_column_text el_class=&#8221;boo-info-card&#8221;]<\/p>\n<h3><a href=\"https:\/\/boosmart.com\/en\/google-ads\/\">Google Ads<\/a><\/h3>\n<p class=\"info-card-p\">Get the best out of Google Ads which is the most popular ad platform that offers great searching, shopping, visual ad, and video ad products.<\/p>\n<p><a href=\"https:\/\/boosmart.com\/en\/google-ads\/\">More Info<\/a>[\/vc_column_text][\/vc_column_inner][vc_column_inner el_class=&#8221;seo-col&#8221; width=&#8221;1\/2&#8243;][vc_column_text el_class=&#8221;boo-info-card&#8221;]<\/p>\n<h3><a href=\"https:\/\/boosmart.com\/en\/search-engine-optimization\/\">SEO<\/a><\/h3>\n<p class=\"info-card-p\">Improve your ranking at organic results with commercial potential in search engines by developing great web and mobile experience with your contents.<\/p>\n<p><a href=\"https:\/\/boosmart.com\/en\/search-engine-optimization\/\">More Info<\/a>[\/vc_column_text][\/vc_column_inner][\/vc_row_inner][vc_row_inner el_class=&#8221;hizmetler-kart-section&#8221;][vc_column_inner el_class=&#8221;sosyal-medya-reklamlari-col&#8221; width=&#8221;1\/2&#8243;][vc_column_text el_class=&#8221;boo-info-card&#8221;]<\/p>\n<h3><a href=\"https:\/\/boosmart.com\/en\/facebook-ads\/\">Social Media Ads<\/a><\/h3>\n<p class=\"info-card-p\">Reach your potential clients with pinpoint accuracy using the demographic and field of interest-based targeting options.<\/p>\n<p><a href=\"https:\/\/boosmart.com\/en\/facebook-ads\/\">More Info<\/a>[\/vc_column_text][\/vc_column_inner][vc_column_inner el_class=&#8221;programatik-reklam-col&#8221; width=&#8221;1\/2&#8243;][vc_column_text el_class=&#8221;boo-info-card&#8221;]<\/p>\n<h3><a href=\"https:\/\/boosmart.com\/en\/programmatic-ads\/\">Programmatic Ads<\/a><\/h3>\n<p class=\"info-card-p\">Participate in real-time ad auctions with targeting that takes place based on hundreds of thousands of different user behaviors on the internet.<\/p>\n<p><a href=\"https:\/\/boosmart.com\/en\/programmatic-ads\/\">More Info<\/a>[\/vc_column_text][\/vc_column_inner][\/vc_row_inner][\/vc_column][\/vc_row][vc_row full_width=&#8221;stretch_row&#8221; el_class=&#8221;tasarlab-section-fluid tasarlab-section-3 home-section-3 map-section&#8221;][vc_column][vc_row_inner el_class=&#8221;home-section-3-1&#8243;][vc_column_inner width=&#8221;1\/2&#8243;][vc_single_image image=&#8221;2872&#8243; img_size=&#8221;full&#8221; el_class=&#8221;map-icon&#8221;][\/vc_column_inner][vc_column_inner width=&#8221;1\/2&#8243;]\n        \n        <div class=\"section-header\">\n            <div class=\"section-header__subtitle\">\n                <p>  <\/p>\n            <\/div>\n            <div class=\"section-header__title\">\n                <h2> Get Into Different Markets with Boosmart <\/h2>\n            <\/div>\n        <\/div>\n        [vc_column_text]As a Google Official E-Export Partner, we offer consultancy in the field of selection and management of local partners within a wide framework from technical infrastructure to payment systems, logistics to product management so that you could offer your products and services at foreign markets.[\/vc_column_text][vc_column_text css=&#8221;&#8221;]<\/p>\n<div class=\"blogposts__link\"><a class=\"tasarlab-btn\" href=\"https:\/\/boosmart.com\/en\/request-a-quote\/\">More Info<\/a><\/div>\n<p>[\/vc_column_text][\/vc_column_inner][\/vc_row_inner][\/vc_column][\/vc_row]<\/p>\n<\/div>","protected":false},"excerpt":{"rendered":"<p>[vc_row full_width=&#8221;stretch_row&#8221; el_class=&#8221;home-section-head&#8221;][vc_column][vc_row_inner][vc_column_inner el_class=&#8221;home-section-head-left&#8221; width=&#8221;1\/2&#8243;][vc_column_text css=&#8221;&#8221; el_class=&#8221;home-h1&#8243;] International Award-Winning Digital Marketing Agency [\/vc_column_text][vc_empty_space height=&#8221;5&#8243;][vc_column_text css=&#8221;&#8221; el_class=&#8221;banner-text&#8221;]Boosmart was recognized among the top agencies in Google\u2019s Europe, Middle East, and Africa (EMEA) region, winning awards in the App Growth and Media Unification categories at the Google Agency Excellence\u00a0Awards.[\/vc_column_text][vc_empty_space height=&#8221;5&#8243;][vc_column_text css=&#8221;&#8221; el_class=&#8221;partner-css&#8221;][\/vc_column_text][vc_column_text] More Info [\/vc_column_text][\/vc_column_inner][vc_column_inner el_class=&#8221;home-section-head-right anasayfa-section&#8221; width=&#8221;1\/2&#8243;][vc_single_image [&hellip;]<\/p>\n","protected":false},"author":22,"featured_media":10539,"parent":0,"menu_order":-50,"comment_status":"closed","ping_status":"closed","template":"","meta":{"_acf_changed":false,"footnotes":""},"class_list":["post-10294","page","type-page","status-publish","has-post-thumbnail","hentry"],"acf":[],"_links":{"self":[{"href":"https:\/\/boosmart.com\/en\/wp-json\/wp\/v2\/pages\/10294","targetHints":{"allow":["GET"]}}],"collection":[{"href":"https:\/\/boosmart.com\/en\/wp-json\/wp\/v2\/pages"}],"about":[{"href":"https:\/\/boosmart.com\/en\/wp-json\/wp\/v2\/types\/page"}],"author":[{"embeddable":true,"href":"https:\/\/boosmart.com\/en\/wp-json\/wp\/v2\/users\/22"}],"replies":[{"embeddable":true,"href":"https:\/\/boosmart.com\/en\/wp-json\/wp\/v2\/comments?post=10294"}],"version-history":[{"count":8,"href":"https:\/\/boosmart.com\/en\/wp-json\/wp\/v2\/pages\/10294\/revisions"}],"predecessor-version":[{"id":11932,"href":"https:\/\/boosmart.com\/en\/wp-json\/wp\/v2\/pages\/10294\/revisions\/11932"}],"wp:featuredmedia":[{"embeddable":true,"href":"https:\/\/boosmart.com\/en\/wp-json\/wp\/v2\/media\/10539"}],"wp:attachment":[{"href":"https:\/\/boosmart.com\/en\/wp-json\/wp\/v2\/media?parent=10294"}],"curies":[{"name":"wp","href":"https:\/\/api.w.org\/{rel}","templated":true}]}}